{"id":10173,"date":"2026-03-28T08:40:00","date_gmt":"2026-03-28T08:40:00","guid":{"rendered":"https:\/\/orsolani.arkeba.com\/?page_id=10173"},"modified":"2026-04-02T13:22:29","modified_gmt":"2026-04-02T13:22:29","slug":"sule","status":"publish","type":"page","link":"https:\/\/orsolani.arkeba.com\/index.php\/sule\/","title":{"rendered":"sul\u00e8 &#8211; CalusoPassito"},"content":{"rendered":"\t\t<div data-elementor-type=\"wp-page\" data-elementor-id=\"10173\" class=\"elementor elementor-10173\">\n\t\t\t\t\t\t<section class=\"elementor-section elementor-top-section elementor-element elementor-element-69da688 elementor-section-full_width elementor-hidden-desktop elementor-hidden-tablet elementor-hidden-mobile elementor-section-height-default elementor-section-height-default\" data-id=\"69da688\" data-element_type=\"section\" data-e-type=\"section\">\n\t\t\t\t\t\t<div class=\"elementor-container elementor-column-gap-default\">\n\t\t\t\t\t<div class=\"elementor-column elementor-col-100 elementor-top-column elementor-element elementor-element-6181b1b\" data-id=\"6181b1b\" data-element_type=\"column\" data-e-type=\"column\">\n\t\t\t<div class=\"elementor-widget-wrap elementor-element-populated\">\n\t\t\t\t\t\t<div class=\"elementor-element elementor-element-b9747f4 elementor-widget elementor-widget-slider_revolution\" data-id=\"b9747f4\" data-element_type=\"widget\" data-e-type=\"widget\" data-widget_type=\"slider_revolution.default\">\n\t\t\t\t\t\n\t\t<div class=\"wp-block-themepunch-revslider\">\n\t\t\t\t<p class=\"rs-p-wp-fix\"><\/p>\n\t\t\t\t<sr7-module data-alias=\"Vineyard-Rev\" data-id=\"4\" id=\"SR7_4_1\" class=\"rs-ov-hidden\" data-version=\"6.7.31\">\n\t\t\t\t\t<sr7-adjuster><\/sr7-adjuster>\n\t\t\t\t\t<sr7-content>\n\t\t\t\t\t\t<sr7-slide id=\"SR7_4_1-10\" data-key=\"10\">\n\t\t\t\t\t\t\t<sr7-bg id=\"SR7_4_1-10-5\" class=\"sr7-layer\"><noscript><img decoding=\"async\" src=\"https:\/\/orsolani.arkeba.com\/wp-content\/uploads\/2026\/02\/bg-home1.jpg\" alt=\"\" title=\"bg-home1\"><\/noscript><\/sr7-bg>\n\t\t\t\t\t\t\t<sr7-txt id=\"SR7_4_1-10-0\" class=\"sr7-layer\">Orsolani vini<\/sr7-txt>\n\t\t\t\t\t\t\t<sr7-txt id=\"SR7_4_1-10-1\" class=\"sr7-layer\">Le nostre radici<\/sr7-txt>\n\t\t\t\t\t\t\t<sr7-txt id=\"SR7_4_1-10-2\" class=\"sr7-layer\" srscsrc><a class=\"qodef-shortcode qodef-m qodef-button qodef-layout--filled qodef-html--link\" href=\"https:\/\/chateau.qodeinteractive.com\/about-us\/\" target=\"_self\" data-hover-border-color=\"#FFFFFF\" style=\"color: #FFFFFF\">\n\t<span class=\"qodef-m-text\">Discover<\/span>\n<\/a>\n<\/sr7-txt>\n\t\t\t\t\t\t<\/sr7-slide>\n\t\t\t\t\t\t<sr7-slide id=\"SR7_4_1-19\" data-key=\"19\">\n\t\t\t\t\t\t<\/sr7-slide>\n\t\t\t\t\t<\/sr7-content>\n\t\t\t\t\t<image_lists style=\"display:none\">\n\t\t\t\t\t\t<img data-src=\"\/\/orsolani.arkeba.com\/wp-content\/uploads\/2023\/01\/h2-rev-img-2.jpg\" data-libid=\"7190\" data-lib=\"medialibrary\" alt=\"a\" title=\"h2-rev-img-2\" width=\"0\" height=\"0\" data-dbsrc=\"Ly9vcnNvbGFuaS5hcmtlYmEuY29tL3dwLWNvbnRlbnQvdXBsb2Fkcy8yMDIzLzAxL2gyLXJldi1pbWctMi5qcGc=\"\/>\n\t\t\t\t\t\t<img data-src=\"\/\/orsolani.arkeba.com\/wp-content\/uploads\/2026\/02\/bg-home1.jpg\" data-libid=\"9995\" data-lib=\"medialibrary\" title=\"bg-home1\" width=\"0\" height=\"0\" data-dbsrc=\"Ly9vcnNvbGFuaS5hcmtlYmEuY29tL3dwLWNvbnRlbnQvdXBsb2Fkcy8yMDI2LzAyL2JnLWhvbWUxLmpwZw==\"\/>\n\t\t\t\t\t\t<img data-src=\"\/\/orsolani.arkeba.com\/wp-content\/uploads\/2023\/01\/h2-rev-img-4.jpg\" data-libid=\"7481\" data-lib=\"medialibrary\" alt=\"a\" title=\"h2-rev-img-4\" width=\"0\" height=\"0\" data-dbsrc=\"Ly9vcnNvbGFuaS5hcmtlYmEuY29tL3dwLWNvbnRlbnQvdXBsb2Fkcy8yMDIzLzAxL2gyLXJldi1pbWctNC5qcGc=\"\/>\n\t\t\t\t\t\t<img loading=\"lazy\" data-src=\"\/\/orsolani.arkeba.com\/wp-content\/uploads\/2023\/01\/h2-rev-img-3.jpg\" data-libid=\"7482\" data-lib=\"medialibrary\" alt=\"a\" title=\"h2-rev-img-3\" width=\"0\" height=\"0\" data-dbsrc=\"Ly9vcnNvbGFuaS5hcmtlYmEuY29tL3dwLWNvbnRlbnQvdXBsb2Fkcy8yMDIzLzAxL2gyLXJldi1pbWctMy5qcGc=\"\/>\n\t\t\t\t\t<\/image_lists>\n\t\t\t\t<\/sr7-module>\n\t\t\t\t<script>\n\t\t\t\t\tSR7.PMH ??={}; SR7.PMH[\"SR7_4_1\"] = {cn:100,state:false,fn: function() { if (_tpt!==undefined && _tpt.prepareModuleHeight !== undefined) {  _tpt.prepareModuleHeight({id:\"SR7_4_1\",el:[730,730,545,500,520],type:'standard',shdw:'0',gh:[730,730,545,500,520],gw:[1240,1240,1024,778,303],vpt:['-100px&#039;,&#039;-100px&#039;,&#039;-100px&#039;,&#039;-100px&#039;,&#039;-100px'],size:{fullWidth:true, fullHeight:false},mh:'0',onh:0,onw:0,bg:{color:'{\"orig\":\"transparent\",\"type\":\"solid\",\"string\":\"transparent\"}'}});   SR7.PMH[\"SR7_4_1\"].state=true;} else if(SR7.PMH[\"SR7_4_1\"].cn-->0)\tsetTimeout( SR7.PMH[\"SR7_4_1\"].fn,19);}};SR7.PMH[\"SR7_4_1\" ].fn();\n\t\t\t\t<\/script>\n<\/div>\n\n\t\t\t\t\t\t<\/div>\n\t\t\t\t\t<\/div>\n\t\t<\/div>\n\t\t\t\t\t<\/div>\n\t\t<\/section>\n\t\t\t\t<section class=\"elementor-section elementor-top-section elementor-element elementor-element-8dfc774 elementor-section-height-min-height elementor-section-items-bottom elementor-section-boxed elementor-section-height-default\" data-id=\"8dfc774\" data-element_type=\"section\" data-e-type=\"section\" data-settings=\"{&quot;background_background&quot;:&quot;classic&quot;}\">\n\t\t\t\t\t\t\t<div class=\"elementor-background-overlay\"><\/div>\n\t\t\t\t\t\t\t<div class=\"elementor-container elementor-column-gap-wide\">\n\t\t\t\t\t<div class=\"elementor-column elementor-col-100 elementor-top-column elementor-element elementor-element-026ad9f\" data-id=\"026ad9f\" data-element_type=\"column\" data-e-type=\"column\">\n\t\t\t<div class=\"elementor-widget-wrap elementor-element-populated\">\n\t\t\t\t\t\t<div class=\"elementor-element elementor-element-23bdba8 elementor-widget-mobile__width-inherit elementor-widget elementor-widget-chateau_core_section_title\" data-id=\"23bdba8\" data-element_type=\"widget\" data-e-type=\"widget\" data-widget_type=\"chateau_core_section_title.default\">\n\t\t\t\t<div class=\"elementor-widget-container\">\n\t\t\t\t\t<div class=\"qodef-shortcode qodef-m qodef-section-title qodef-alignment--right qodef-title-break--disabled\">\n\t\t<h2 class=\"qodef-m-title\" style=\"color: #FFFFFF\">\n\t\t\t\t\tCaluso Passito D.O.C.G.\t\t\t<\/h2>\n\t<div class=\"qodef-m-subtitle-content qodef--has-appear\" style=\"margin-top: 14px\">\n\t<div class=\"qodef-m-subtitle-line-one\" style=\"width: 25px;background-color: #FFFFFF\"><\/div>\n\t\t\t<p class=\"qodef-m-subtitle\" style=\"margin-left: 6px;color: #FFFFFF\">Sul\u00e8<\/p>\n\t\t<div class=\"qodef-m-subtitle-line-two\" style=\"display: none;\"><\/div>\n<\/div>\n\t<\/div>\n\t\t\t\t<\/div>\n\t\t\t\t<\/div>\n\t\t\t\t\t<\/div>\n\t\t<\/div>\n\t\t\t\t\t<\/div>\n\t\t<\/section>\n\t\t\t\t<section class=\"elementor-section elementor-top-section elementor-element elementor-element-e46410b elementor-section-full_width qodef-elementor-content-grid elementor-section-height-default elementor-section-height-default\" data-id=\"e46410b\" data-element_type=\"section\" data-e-type=\"section\">\n\t\t\t\t\t\t<div class=\"elementor-container elementor-column-gap-default\">\n\t\t\t\t\t<div class=\"elementor-column elementor-col-100 elementor-top-column elementor-element elementor-element-5ae463b\" data-id=\"5ae463b\" data-element_type=\"column\" data-e-type=\"column\">\n\t\t\t<div class=\"elementor-widget-wrap elementor-element-populated\">\n\t\t\t\t\t\t<div class=\"elementor-element elementor-element-1f6a49b elementor-hidden-desktop elementor-hidden-tablet elementor-hidden-mobile elementor-widget elementor-widget-chateau_core_section_title\" data-id=\"1f6a49b\" data-element_type=\"widget\" data-e-type=\"widget\" data-widget_type=\"chateau_core_section_title.default\">\n\t\t\t\t<div class=\"elementor-widget-container\">\n\t\t\t\t\t<div class=\"qodef-shortcode qodef-m qodef-section-title qodef-alignment--center\">\n\t\t<h2 class=\"qodef-m-title\" >\n\t\t\t\t\tOur winemaking process\t\t\t<\/h2>\n\t<div class=\"qodef-m-subtitle-content qodef--has-appear\" >\n\t<div class=\"qodef-m-subtitle-line-one\" ><\/div>\n\t\t\t<p class=\"qodef-m-subtitle\" style=\"margin-left: 25px;margin-right: 25px\">Production<\/p>\n\t\t<div class=\"qodef-m-subtitle-line-two\" ><\/div>\n<\/div>\n\t<\/div>\n\t\t\t\t<\/div>\n\t\t\t\t<\/div>\n\t\t\t\t<div class=\"elementor-element elementor-element-bf96512 elementor-widget elementor-widget-image\" data-id=\"bf96512\" data-element_type=\"widget\" data-e-type=\"widget\" data-widget_type=\"image.default\">\n\t\t\t\t\t\t\t\t\t\t\t\t\t\t\t<img decoding=\"async\" src=\"https:\/\/orsolani.arkeba.com\/wp-content\/uploads\/elementor\/thumbs\/sule-grappa-rl5z0jaiwxkngnm3kqfx9r1eqykvn3mk3mr1p7r1t2.png\" title=\"sule-grappa\" alt=\"sule-grappa\" loading=\"lazy\" \/>\t\t\t\t\t\t\t\t\t\t\t\t\t\t\t<\/div>\n\t\t\t\t<div class=\"elementor-element elementor-element-06a4dab elementor-widget__width-initial elementor-widget elementor-widget-text-editor\" data-id=\"06a4dab\" data-element_type=\"widget\" data-e-type=\"widget\" data-widget_type=\"text-editor.default\">\n\t\t\t\t\t\t\t\t\t<p>Il <strong>Sul\u00e9<\/strong> indica il luogo dove nasce, secondo la migliore tradizione, il nostro passito e<br \/>cio\u00e8 nel <em>\u201csolaio\u201d<\/em>, dove le migliori uve riposte ad appassire, riposano sei mesi almeno prima di essere pigiate.<\/p>\t\t\t\t\t\t\t\t<\/div>\n\t\t\t\t\t<\/div>\n\t\t<\/div>\n\t\t\t\t\t<\/div>\n\t\t<\/section>\n\t\t\t\t<section class=\"elementor-section elementor-top-section elementor-element elementor-element-c5dedd4 elementor-section-full_width qodef-elementor-content-grid elementor-section-height-default elementor-section-height-default\" data-id=\"c5dedd4\" data-element_type=\"section\" data-e-type=\"section\">\n\t\t\t\t\t\t<div class=\"elementor-container elementor-column-gap-default\">\n\t\t\t\t\t<div class=\"elementor-column elementor-col-100 elementor-top-column elementor-element elementor-element-4442f46\" data-id=\"4442f46\" data-element_type=\"column\" data-e-type=\"column\">\n\t\t\t<div class=\"elementor-widget-wrap elementor-element-populated\">\n\t\t\t\t\t\t<div class=\"elementor-element elementor-element-5807189 elementor-widget elementor-widget-chateau_core_item_showcase\" data-id=\"5807189\" data-element_type=\"widget\" data-e-type=\"widget\" data-widget_type=\"chateau_core_item_showcase.default\">\n\t\t\t\t<div class=\"elementor-widget-container\">\n\t\t\t\t\t<div class=\"qodef-shortcode qodef-m qodef-item-showcase qodef-layout--list\">\n\t<div class=\"qodef-m-items qodef--left\">\n\t\t<div class=\"qodef-m-item qodef-e\">\n\t\t\t<h5 class=\"qodef-e-title\" >\n\t\t Tipologia \t\t<\/h5>\n\t\t\t\t<p class=\"qodef-e-subtitle\" >Il vino<\/p>\n\t\t\t\t<p class=\"qodef-e-text\" >Vino passito bianco dolce<\/p>\n\t<\/div>\n<div class=\"qodef-m-item qodef-e\">\n\t\t\t<h5 class=\"qodef-e-title\" >\n\t\t Terreni \t\t<\/h5>\n\t\t\t\t<p class=\"qodef-e-subtitle\" >Aspettto visivo<\/p>\n\t\t\t\t<p class=\"qodef-e-text\" >Morenici, composti da sabbia di roccia e sassi 80%- limo 10\/15%- argilla 5\/10%<\/p>\n\t<\/div>\n<div class=\"qodef-m-item qodef-e\">\n\t\t\t<h5 class=\"qodef-e-title\" >\n\t\t degustazione \t\t<\/h5>\n\t\t\t\t<p class=\"qodef-e-subtitle\" >Profilo gustativo<\/p>\n\t\t\t\t<p class=\"qodef-e-text\" >In bocca presenta una piacevole viscosit\u00e0 che definisce correttamente la concentrazione legata all\u2019appassimento e continua la proposta aromatica il tutto sostenuto da una bella minerali necessaria al bilanciamento della componente dolce di questo vino.<\/p>\n\t<\/div>\n\t<\/div>\n\t\t<div class=\"qodef-m-image\" style=\"padding: -0 2%\">\n\t\t<img loading=\"lazy\" decoding=\"async\" width=\"659\" height=\"551\" src=\"https:\/\/orsolani.arkeba.com\/wp-content\/uploads\/2026\/03\/sule-passito-caluso-orsolani.png\" class=\"attachment-full size-full\" alt=\"\" srcset=\"https:\/\/orsolani.arkeba.com\/wp-content\/uploads\/2026\/03\/sule-passito-caluso-orsolani.png 659w, https:\/\/orsolani.arkeba.com\/wp-content\/uploads\/2026\/03\/sule-passito-caluso-orsolani-300x251.png 300w, https:\/\/orsolani.arkeba.com\/wp-content\/uploads\/2026\/03\/sule-passito-caluso-orsolani-600x502.png 600w\" sizes=\"(max-width: 659px) 100vw, 659px\" \/>\t<\/div>\n\t<div class=\"qodef-m-items qodef--right\">\n\t\t<div class=\"qodef-m-item qodef-e\">\n\t\t\t<h5 class=\"qodef-e-title\" >\n\t\t Vitigno \t\t<\/h5>\n\t\t\t\t<p class=\"qodef-e-subtitle\" >Uva e vigneto<\/p>\n\t\t\t\t<p class=\"qodef-e-text\" >100% Erbaluce, vigneti esclusivamente collinari nel comune di caluso<\/p>\n\t<\/div>\n<div class=\"qodef-m-item qodef-e\">\n\t\t\t<h5 class=\"qodef-e-title\" >\n\t\t Vendemmia \t\t<\/h5>\n\t\t\t\t\t<p class=\"qodef-e-text\" >Manuale, inizio settembre, rigorosissima selezione vendemmiale delle uve che hanno le caratteristiche idonee per l\u2019appassimento, essere ben mature e con i grappoli rari.<\/p>\n\t<\/div>\n<div class=\"qodef-m-item qodef-e\">\n\t\t\t<h5 class=\"qodef-e-title\" >\n\t\t Bouquet \t\t<\/h5>\n\t\t\t\t<p class=\"qodef-e-subtitle\" >Note aromatiche<\/p>\n\t\t\t\t<p class=\"qodef-e-text\" >Il Sul\u00e9 ha un colore dorato intenso e brillante con accentuati riflessi aranciati di un sole al tramonto. Il profumo dolce e leggermente malinconico, invade pienamente il naso ricordando la frutta secca, la marmellata di prugna, l\u2019incenso, il miele, l\u2019arancio candito in un quadro di aromi ampissimo dove trovano spazio note di liquirizia, zafferano, sandalo. <\/p>\n\t<\/div>\n\t<\/div>\n<\/div>\n\t\t\t\t<\/div>\n\t\t\t\t<\/div>\n\t\t<div class=\"elementor-element elementor-element-55db3bc e-flex e-con-boxed e-con e-parent\" data-id=\"55db3bc\" data-element_type=\"container\" data-e-type=\"container\">\n\t\t\t\t\t<div class=\"e-con-inner\">\n\t\t\t\t<div class=\"elementor-element elementor-element-1fc5c63 elementor-widget elementor-widget-chateau_core_call_to_action\" data-id=\"1fc5c63\" data-element_type=\"widget\" data-e-type=\"widget\" data-widget_type=\"chateau_core_call_to_action.default\">\n\t\t\t\t<div class=\"elementor-widget-container\">\n\t\t\t\t\t<div class=\"qodef-shortcode qodef-m qodef-call-to-action qodef-layout--standard qodef-style--stretched\">\n\t<div class=\"qodef-m-inner\">\n\t\t\t\t\t<div class=\"qodef-m-button\">\n\t\t<a class=\"qodef-shortcode qodef-m qodef-button qodef-layout--discontinuous qodef-html--link\" href=\"\/wp-content\/uploads\/2026\/04\/PASSITO-ITALIANO.pdf\" target=\"_self\"  >\t<span class=\"qodef-m-text\">Scheda tecnica<\/span>\t<span class=\"qodef-disc-btn qodef-disc-btn-top-left\"><\/span>\t<span class=\"qodef-disc-btn qodef-disc-btn-top-right\"><\/span>\t<span class=\"qodef-disc-btn qodef-disc-btn-right\"><\/span>\t<span class=\"qodef-disc-btn qodef-disc-btn-bottom-right\"><\/span>\t<span class=\"qodef-disc-btn qodef-disc-btn-bottom-left\"><\/span>\t<span class=\"qodef-disc-btn qodef-blob-btn-left\"><\/span><\/a>\t<\/div>\n\t<\/div>\n<\/div>\n\t\t\t\t<\/div>\n\t\t\t\t<\/div>\n\t\t\t\t\t<\/div>\n\t\t\t\t<\/div>\n\t\t\t\t\t<\/div>\n\t\t<\/div>\n\t\t\t\t\t<\/div>\n\t\t<\/section>\n\t\t\t\t<section class=\"elementor-section elementor-top-section elementor-element elementor-element-36ecb81 elementor-section-full_width elementor-hidden-desktop elementor-hidden-tablet elementor-hidden-mobile elementor-section-height-default elementor-section-height-default\" data-id=\"36ecb81\" data-element_type=\"section\" data-e-type=\"section\">\n\t\t\t\t\t\t<div class=\"elementor-container elementor-column-gap-default\">\n\t\t\t\t\t<div class=\"elementor-column elementor-col-100 elementor-top-column elementor-element elementor-element-2066b0a\" data-id=\"2066b0a\" data-element_type=\"column\" data-e-type=\"column\">\n\t\t\t<div class=\"elementor-widget-wrap elementor-element-populated\">\n\t\t\t\t\t\t<div class=\"elementor-element elementor-element-c2b42ce elementor-widget elementor-widget-chateau_core_horizontal_timeline\" data-id=\"c2b42ce\" data-element_type=\"widget\" data-e-type=\"widget\" data-widget_type=\"chateau_core_horizontal_timeline.default\">\n\t\t\t\t<div class=\"elementor-widget-container\">\n\t\t\t\t\t<div class=\"qodef-shortcode qodef-m qodef-horizontal-timeline\">\n\t<div class=\"qodef-m-line\"><\/div>\n\t\t\t<div class=\"qodef-m-inner clearfix\">\n\t\t\t\t\t\t\t<div class=\"qodef-e-item qodef-e qodef--selected\">\n\t\t\t\t\t<div class=\"qodef-e-image-holder\">\n\t\t\t\t\t\t<img loading=\"lazy\" decoding=\"async\" width=\"86\" height=\"84\" src=\"https:\/\/orsolani.arkeba.com\/wp-content\/uploads\/2022\/12\/h2-png1.png\" class=\"attachment-full size-full\" alt=\"a\" \/>\t\t\t\t\t<\/div>\n\t\t\t\t\t<div class=\"qodef-e-content\">\n\t\t\t\t\t\t\t\t\t\t\t\t\t<h5 class=\"qodef-e-date-range\">1957<\/h5>\n\t\t\t\t\t\t\t\t\t\t\t\t\t\t\t\t\t\t\t<p class=\"qodef-e-title\">Purchased Farm<\/p>\n\t\t\t\t\t\t\t\t\t\t\t\t\t\t\t\t\t\t\t<p class=\"qodef-e-text\">At in tellus integer feugiat scelerisque varius morbi enim. Duis at tellus at urna condimentum mattis pellentesque.<\/p>\n\t\t\t\t\t\t\t\t\t\t\t<\/div>\n\t\t\t\t<\/div>\n\t\t\t\t\t\t\t<div class=\"qodef-e-item qodef-e\">\n\t\t\t\t\t<div class=\"qodef-e-image-holder\">\n\t\t\t\t\t\t<img loading=\"lazy\" decoding=\"async\" width=\"86\" height=\"84\" src=\"https:\/\/orsolani.arkeba.com\/wp-content\/uploads\/2022\/12\/h2-png1.png\" class=\"attachment-full size-full\" alt=\"a\" \/>\t\t\t\t\t<\/div>\n\t\t\t\t\t<div class=\"qodef-e-content\">\n\t\t\t\t\t\t\t\t\t\t\t\t\t<h5 class=\"qodef-e-date-range\">1961<\/h5>\n\t\t\t\t\t\t\t\t\t\t\t\t\t\t\t\t\t\t\t<p class=\"qodef-e-title\">First Wineyard<\/p>\n\t\t\t\t\t\t\t\t\t\t\t\t\t\t\t\t\t\t\t<p class=\"qodef-e-text\">Egestas fringilla phasellus faucibus scelerisque eleifend donec pretium. Pellesque nec nam aliquam sem. <\/p>\n\t\t\t\t\t\t\t\t\t\t\t<\/div>\n\t\t\t\t<\/div>\n\t\t\t\t\t\t\t<div class=\"qodef-e-item qodef-e\">\n\t\t\t\t\t<div class=\"qodef-e-image-holder\">\n\t\t\t\t\t\t<img loading=\"lazy\" decoding=\"async\" width=\"86\" height=\"84\" src=\"https:\/\/orsolani.arkeba.com\/wp-content\/uploads\/2022\/12\/h2-png1.png\" class=\"attachment-full size-full\" alt=\"a\" \/>\t\t\t\t\t<\/div>\n\t\t\t\t\t<div class=\"qodef-e-content\">\n\t\t\t\t\t\t\t\t\t\t\t\t\t<h5 class=\"qodef-e-date-range\">1985<\/h5>\n\t\t\t\t\t\t\t\t\t\t\t\t\t\t\t\t\t\t\t<p class=\"qodef-e-title\">First Production<\/p>\n\t\t\t\t\t\t\t\t\t\t\t\t\t\t\t\t\t\t\t<p class=\"qodef-e-text\">Ut morbi tincidunt augue interdum velit euismod in pellentesque massa. felis Venetis tellus in metus vulpute eu. <\/p>\n\t\t\t\t\t\t\t\t\t\t\t<\/div>\n\t\t\t\t<\/div>\n\t\t\t\t\t\t\t<div class=\"qodef-e-item qodef-e\">\n\t\t\t\t\t<div class=\"qodef-e-image-holder\">\n\t\t\t\t\t\t<img loading=\"lazy\" decoding=\"async\" width=\"86\" height=\"84\" src=\"https:\/\/orsolani.arkeba.com\/wp-content\/uploads\/2022\/12\/h2-png1.png\" class=\"attachment-full size-full\" alt=\"a\" \/>\t\t\t\t\t<\/div>\n\t\t\t\t\t<div class=\"qodef-e-content\">\n\t\t\t\t\t\t\t\t\t\t\t\t\t<h5 class=\"qodef-e-date-range\">1990<\/h5>\n\t\t\t\t\t\t\t\t\t\t\t\t\t\t\t\t\t\t\t<p class=\"qodef-e-title\">Small Enterpiece<\/p>\n\t\t\t\t\t\t\t\t\t\t\t\t\t\t\t\t\t\t\t<p class=\"qodef-e-text\">Nullam eget felis eget nunc lobortis. Quis viverra nibh cras pulvinar mattis nunc sed. Purus non enim prasent. <\/p>\n\t\t\t\t\t\t\t\t\t\t\t<\/div>\n\t\t\t\t<\/div>\n\t\t\t\t\t\t\t<div class=\"qodef-e-item qodef-e\">\n\t\t\t\t\t<div class=\"qodef-e-image-holder\">\n\t\t\t\t\t\t<img loading=\"lazy\" decoding=\"async\" width=\"86\" height=\"84\" src=\"https:\/\/orsolani.arkeba.com\/wp-content\/uploads\/2022\/12\/h2-png1.png\" class=\"attachment-full size-full\" alt=\"a\" \/>\t\t\t\t\t<\/div>\n\t\t\t\t\t<div class=\"qodef-e-content\">\n\t\t\t\t\t\t\t\t\t\t\t\t\t<h5 class=\"qodef-e-date-range\">1995<\/h5>\n\t\t\t\t\t\t\t\t\t\t\t\t\t\t\t\t\t\t\t<p class=\"qodef-e-title\">First  Employee<\/p>\n\t\t\t\t\t\t\t\t\t\t\t\t\t\t\t\t\t\t\t<p class=\"qodef-e-text\">Nullam eget felis eget nunc lobortis. Quis viverra nibh cras pulvinar mattis nunc sed. Purus non enim prasent. <\/p>\n\t\t\t\t\t\t\t\t\t\t\t<\/div>\n\t\t\t\t<\/div>\n\t\t\t\t\t\t<div class=\"qodef-following-line\"><\/div>\n\t\t<\/div>\n\t<\/div>\n\t\t\t\t<\/div>\n\t\t\t\t<\/div>\n\t\t\t\t\t<\/div>\n\t\t<\/div>\n\t\t\t\t\t<\/div>\n\t\t<\/section>\n\t\t\t\t<section class=\"elementor-section elementor-top-section elementor-element elementor-element-77838f3 elementor-section-full_width elementor-section-height-default elementor-section-height-default\" data-id=\"77838f3\" data-element_type=\"section\" data-e-type=\"section\">\n\t\t\t\t\t\t<div class=\"elementor-container elementor-column-gap-default\">\n\t\t\t\t\t<div class=\"elementor-column elementor-col-100 elementor-top-column elementor-element elementor-element-623cbcc\" data-id=\"623cbcc\" data-element_type=\"column\" data-e-type=\"column\">\n\t\t\t<div class=\"elementor-widget-wrap elementor-element-populated\">\n\t\t\t\t\t\t<div class=\"elementor-element elementor-element-f03193b elementor-widget elementor-widget-chateau_core_image_gallery\" data-id=\"f03193b\" data-element_type=\"widget\" data-e-type=\"widget\" data-widget_type=\"chateau_core_image_gallery.default\">\n\t\t\t\t<div class=\"elementor-widget-container\">\n\t\t\t\t\t<div class=\"qodef-shortcode qodef-m qodef-image-gallery qodef-magnific-popup qodef-popup-gallery qodef--has-appear qodef-grid qodef-layout--columns qodef-gutter--tiny qodef-vertical-gutter--tiny qodef-col-num--5 qodef-responsive--custom qodef-col-num--1440--5 qodef-col-num--1366--5 qodef-col-num--1024--5 qodef-col-num--768--2 qodef-col-num--680--1 qodef-col-num--480--1 qodef-swiper--show-pagination\" >\n\t<div class=\"qodef-grid-inner\">\n\t\t<div class=\"qodef-e qodef-image-wrapper qodef-grid-item \">\n\t\t\t<a class=\"qodef-popup-item\" itemprop=\"image\" href=\"https:\/\/orsolani.arkeba.com\/wp-content\/uploads\/2026\/03\/sule-02-1-e1774690302265.jpeg\" data-type=\"image\" title=\"\">\n\t\t<span class=\"qodef-hover-plus\"><\/span>\n\t\t\t<img fetchpriority=\"high\" decoding=\"async\" src=\"https:\/\/orsolani.arkeba.com\/wp-content\/uploads\/2026\/03\/sule-02-1-e1774690302265-640x800.jpeg\" loading=\"eager\" alt=\"\" width=\"640\" height=\"800\" data-ratio=\"0.8\" \/>\t\t\t<\/a>\n\t<\/div>\n<div class=\"qodef-e qodef-image-wrapper qodef-grid-item \">\n\t\t\t<a class=\"qodef-popup-item\" itemprop=\"image\" href=\"https:\/\/orsolani.arkeba.com\/wp-content\/uploads\/2026\/03\/sule-03-1.jpeg\" data-type=\"image\" title=\"\">\n\t\t<span class=\"qodef-hover-plus\"><\/span>\n\t\t\t<img decoding=\"async\" src=\"https:\/\/orsolani.arkeba.com\/wp-content\/uploads\/2026\/03\/sule-03-1-640x800.jpeg\" loading=\"eager\" alt=\"\" width=\"640\" height=\"800\" data-ratio=\"0.8\" \/>\t\t\t<\/a>\n\t<\/div>\n<div class=\"qodef-e qodef-image-wrapper qodef-grid-item \">\n\t\t\t<a class=\"qodef-popup-item\" itemprop=\"image\" href=\"https:\/\/orsolani.arkeba.com\/wp-content\/uploads\/2026\/03\/sule-01-1.jpeg\" data-type=\"image\" title=\"\">\n\t\t<span class=\"qodef-hover-plus\"><\/span>\n\t\t\t<img decoding=\"async\" src=\"https:\/\/orsolani.arkeba.com\/wp-content\/uploads\/2026\/03\/sule-01-1-640x800.jpeg\" loading=\"eager\" alt=\"\" width=\"640\" height=\"800\" data-ratio=\"0.8\" \/>\t\t\t<\/a>\n\t<\/div>\n\t<\/div>\n<\/div>\n\t\t\t\t<\/div>\n\t\t\t\t<\/div>\n\t\t\t\t\t<\/div>\n\t\t<\/div>\n\t\t\t\t\t<\/div>\n\t\t<\/section>\n\t\t\t\t<section class=\"elementor-section elementor-top-section elementor-element elementor-element-55c2509 elementor-section-full_width elementor-section-height-min-height elementor-hidden-desktop elementor-hidden-tablet elementor-hidden-mobile elementor-section-height-default elementor-section-items-middle\" data-id=\"55c2509\" data-element_type=\"section\" data-e-type=\"section\" data-settings=\"{&quot;background_background&quot;:&quot;classic&quot;}\">\n\t\t\t\t\t\t<div class=\"elementor-container elementor-column-gap-default\">\n\t\t\t\t\t<div class=\"elementor-column elementor-col-100 elementor-top-column elementor-element elementor-element-005ea77\" data-id=\"005ea77\" data-element_type=\"column\" data-e-type=\"column\">\n\t\t\t<div class=\"elementor-widget-wrap\">\n\t\t\t\t\t\t\t<\/div>\n\t\t<\/div>\n\t\t\t\t\t<\/div>\n\t\t<\/section>\n\t\t\t\t<\/div>\n\t\t","protected":false},"excerpt":{"rendered":"<p>Caluso Passito D.O.C.G. Sul\u00e8 Our winemaking process Production Il Sul\u00e9 indica il luogo dove nasce, secondo la migliore tradizione, il nostro passito ecio\u00e8 nel \u201csolaio\u201d, dove le migliori uve riposte ad appassire, riposano sei mesi almeno prima di essere pigiate. Tipologia Il vino Vino passito bianco dolce Terreni Aspettto visivo Morenici, composti da sabbia di [&hellip;]<\/p>\n","protected":false},"author":1,"featured_media":0,"parent":0,"menu_order":0,"comment_status":"closed","ping_status":"closed","template":"page-full-width.php","meta":{"footnotes":""},"class_list":["post-10173","page","type-page","status-publish","hentry"],"_links":{"self":[{"href":"https:\/\/orsolani.arkeba.com\/index.php\/wp-json\/wp\/v2\/pages\/10173","targetHints":{"allow":["GET"]}}],"collection":[{"href":"https:\/\/orsolani.arkeba.com\/index.php\/wp-json\/wp\/v2\/pages"}],"about":[{"href":"https:\/\/orsolani.arkeba.com\/index.php\/wp-json\/wp\/v2\/types\/page"}],"author":[{"embeddable":true,"href":"https:\/\/orsolani.arkeba.com\/index.php\/wp-json\/wp\/v2\/users\/1"}],"replies":[{"embeddable":true,"href":"https:\/\/orsolani.arkeba.com\/index.php\/wp-json\/wp\/v2\/comments?post=10173"}],"version-history":[{"count":11,"href":"https:\/\/orsolani.arkeba.com\/index.php\/wp-json\/wp\/v2\/pages\/10173\/revisions"}],"predecessor-version":[{"id":10365,"href":"https:\/\/orsolani.arkeba.com\/index.php\/wp-json\/wp\/v2\/pages\/10173\/revisions\/10365"}],"wp:attachment":[{"href":"https:\/\/orsolani.arkeba.com\/index.php\/wp-json\/wp\/v2\/media?parent=10173"}],"curies":[{"name":"wp","href":"https:\/\/api.w.org\/{rel}","templated":true}]}}